{"id":2,"date":"2022-11-25T18:17:31","date_gmt":"2022-11-25T18:17:31","guid":{"rendered":"https:\/\/boligfotografi.no\/?page_id=2"},"modified":"2023-03-22T15:04:59","modified_gmt":"2023-03-22T15:04:59","slug":"sample-page","status":"publish","type":"page","link":"https:\/\/boligfotografi.no\/","title":{"rendered":"Boligfotografi"},"content":{"rendered":"\n<p>Jeg leverer boligfoto til EIE, Privatmegleren, Nordvik, Schala &amp; Partners samt eiendomsutviklere.<\/p>\n\n\n\n<p>Bilder leveres senest kl. 11 dagen etter foto, ogs\u00e5 l\u00f8rdager. Foto kan gj\u00f8res i helger uten pristillegg hvis det passer bedre for kunden.<\/p>\n\n\n\n<p>Pris inkludert mva.: Inntil 25 bilder kr. 3480.- ink.mva. Utover 25 bilder: kr 112.- pr. stk. Dronefoto utenfor Ring 2: 1500.-, interi\u00f8rvideo: 1500.-<\/p>\n\n\n\n<p>I tillegg til 25 bilder f\u00e5r megleren kostnadsfri tilgang til omr\u00e5debilder fra parker i hele Oslo til bruk for den spesifikke boligen.<\/p>\n\n\n\n<p>Gode referanser hvis \u00f8nskelig.<\/p>\n\n\n\n<p>Med vennlig hilsen<br>Fotograf Morten Fidjeland<br>Tlf: 90953208<\/p>\n","protected":false},"excerpt":{"rendered":"<p>Jeg leverer boligfoto til EIE, Privatmegleren, Nordvik, Schala &amp; Partners samt eiendomsutviklere. Bilder leveres senest kl. 11 dagen etter foto, ogs\u00e5 l\u00f8rdager. Foto kan gj\u00f8res i helger uten pristillegg hvis det passer bedre for kunden. Pris inkludert mva.: Inntil 25 bilder kr. 3480.- ink.mva. Utover &hellip; <a href=\"https:\/\/boligfotografi.no\/\" class=\"more-link\"><span>Continue reading<span class=\"screen-reader-text\">Boligfotografi<\/span><\/span><\/a><\/p>\n","protected":false},"author":1,"featured_media":27,"parent":0,"menu_order":0,"comment_status":"closed","ping_status":"open","template":"","meta":{"footnotes":""},"class_list":["post-2","page","type-page","status-publish","has-post-thumbnail","hentry"],"_links":{"self":[{"href":"https:\/\/boligfotografi.no\/index.php\/wp-json\/wp\/v2\/pages\/2","targetHints":{"allow":["GET"]}}],"collection":[{"href":"https:\/\/boligfotografi.no\/index.php\/wp-json\/wp\/v2\/pages"}],"about":[{"href":"https:\/\/boligfotografi.no\/index.php\/wp-json\/wp\/v2\/types\/page"}],"author":[{"embeddable":true,"href":"https:\/\/boligfotografi.no\/index.php\/wp-json\/wp\/v2\/users\/1"}],"replies":[{"embeddable":true,"href":"https:\/\/boligfotografi.no\/index.php\/wp-json\/wp\/v2\/comments?post=2"}],"version-history":[{"count":4,"href":"https:\/\/boligfotografi.no\/index.php\/wp-json\/wp\/v2\/pages\/2\/revisions"}],"predecessor-version":[{"id":51,"href":"https:\/\/boligfotografi.no\/index.php\/wp-json\/wp\/v2\/pages\/2\/revisions\/51"}],"wp:featuredmedia":[{"embeddable":true,"href":"https:\/\/boligfotografi.no\/index.php\/wp-json\/wp\/v2\/media\/27"}],"wp:attachment":[{"href":"https:\/\/boligfotografi.no\/index.php\/wp-json\/wp\/v2\/media?parent=2"}],"curies":[{"name":"wp","href":"https:\/\/api.w.org\/{rel}","templated":true}]}}